{"id":20261,"date":"2023-04-05T15:53:39","date_gmt":"2023-04-05T13:53:39","guid":{"rendered":"https:\/\/hogakusteninland.com\/?page_id=20261"},"modified":"2023-04-17T16:25:36","modified_gmt":"2023-04-17T14:25:36","slug":"hiking","status":"publish","type":"page","link":"https:\/\/hogakusteninland.com\/sv\/hiking\/","title":{"rendered":"Vandring"},"content":{"rendered":"<div data-elementor-type=\"wp-page\" data-elementor-id=\"20261\" class=\"elementor elementor-20261\">\n\t\t\t\t<div class=\"elementor-element elementor-element-0646e28 e-flex e-con-boxed wpr-particle-no wpr-jarallax-no wpr-parallax-no wpr-sticky-section-no wpr-equal-height-no e-con e-parent\" data-id=\"0646e28\" data-element_type=\"container\" data-e-type=\"container\">\n\t\t\t\t\t<div class=\"e-con-inner\">\n\t\t\t\t<div class=\"elementor-element elementor-element-0a8aea5 elementor-widget elementor-widget-heading\" data-id=\"0a8aea5\" data-element_type=\"widget\" data-e-type=\"widget\" data-widget_type=\"heading.default\">\n\t\t\t\t<div class=\"elementor-widget-container\">\n\t\t\t\t\t<h2 class=\"elementor-heading-title elementor-size-default\">Vandra I H\u00f6ga Kusten Inland<\/h2>\t\t\t\t<\/div>\n\t\t\t\t<\/div>\n\t\t\t\t\t<\/div>\n\t\t\t\t<\/div>\n\t\t<div class=\"elementor-element elementor-element-dee4dcb e-flex e-con-boxed wpr-particle-no wpr-jarallax-no wpr-parallax-no wpr-sticky-section-no wpr-equal-height-no e-con e-parent\" data-id=\"dee4dcb\" data-element_type=\"container\" data-e-type=\"container\">\n\t\t\t\t\t<div class=\"e-con-inner\">\n\t\t\t\t<div class=\"elementor-element elementor-element-70c83eb elementor-widget elementor-widget-heading\" data-id=\"70c83eb\" data-element_type=\"widget\" data-e-type=\"widget\" data-widget_type=\"heading.default\">\n\t\t\t\t<div class=\"elementor-widget-container\">\n\t\t\t\t\t<h2 class=\"elementor-heading-title elementor-size-default\">Vandring \u00e4r f\u00f6rmodligen det b\u00e4sta s\u00e4ttet att uppt\u00e4cka v\u00e5r fantastiska natur p\u00e5. I H\u00f6ga Kusten Inland hittar du 18 vandringsleder med totalt +300km att v\u00e4lja bland. Upplev dom djupa skogarna, v\u00e4ldoftande myrmarkerna och dom forsande \u00e4lvarna med sina branta nipor!<\/h2>\t\t\t\t<\/div>\n\t\t\t\t<\/div>\n\t\t\t\t\t<\/div>\n\t\t\t\t<\/div>\n\t\t<div class=\"elementor-element elementor-element-7b8cc77 e-flex e-con-boxed wpr-particle-no wpr-jarallax-no wpr-parallax-no wpr-sticky-section-no wpr-equal-height-no e-con e-parent\" data-id=\"7b8cc77\" data-element_type=\"container\" data-e-type=\"container\">\n\t\t\t\t\t<div class=\"e-con-inner\">\n\t\t\t\t<div class=\"elementor-element elementor-element-b200e0f elementor-arrows-position-inside elementor-pagination-position-outside elementor-widget elementor-widget-image-carousel\" data-id=\"b200e0f\" data-element_type=\"widget\" data-e-type=\"widget\" data-settings=\"{&quot;slides_to_show_mobile&quot;:&quot;1&quot;,&quot;navigation&quot;:&quot;both&quot;,&quot;autoplay&quot;:&quot;yes&quot;,&quot;pause_on_hover&quot;:&quot;yes&quot;,&quot;pause_on_interaction&quot;:&quot;yes&quot;,&quot;autoplay_speed&quot;:5000,&quot;infinite&quot;:&quot;yes&quot;,&quot;speed&quot;:500,&quot;image_spacing_custom&quot;:{&quot;unit&quot;:&quot;px&quot;,&quot;size&quot;:20,&quot;sizes&quot;:[]},&quot;image_spacing_custom_widescreen&quot;:{&quot;unit&quot;:&quot;px&quot;,&quot;size&quot;:&quot;&quot;,&quot;sizes&quot;:[]},&quot;image_spacing_custom_laptop&quot;:{&quot;unit&quot;:&quot;px&quot;,&quot;size&quot;:&quot;&quot;,&quot;sizes&quot;:[]},&quot;image_spacing_custom_tablet_extra&quot;:{&quot;unit&quot;:&quot;px&quot;,&quot;size&quot;:&quot;&quot;,&quot;sizes&quot;:[]},&quot;image_spacing_custom_tablet&quot;:{&quot;unit&quot;:&quot;px&quot;,&quot;size&quot;:&quot;&quot;,&quot;sizes&quot;:[]}}\" data-widget_type=\"image-carousel.default\">\n\t\t\t\t<div class=\"elementor-widget-container\">\n\t\t\t\t\t\t\t<div class=\"elementor-image-carousel-wrapper swiper\" role=\"region\" aria-roledescription=\"carousel\" aria-label=\"Image Carousel\" dir=\"ltr\">\n\t\t\t<div class=\"elementor-image-carousel swiper-wrapper\" aria-live=\"off\">\n\t\t\t\t\t\t\t\t<div class=\"swiper-slide\" role=\"group\" aria-roledescription=\"slide\" aria-label=\"1 of 9\"><figure class=\"swiper-slide-inner\"><img decoding=\"async\" class=\"swiper-slide-image\" src=\"https:\/\/hogakusteninland.com\/wp-content\/uploads\/2022\/04\/20180903-_B7B7364-300x300.jpg\" alt=\"20180903-_B7B7364\" \/><\/figure><\/div><div class=\"swiper-slide\" role=\"group\" aria-roledescription=\"slide\" aria-label=\"2 of 9\"><figure class=\"swiper-slide-inner\"><img decoding=\"async\" class=\"swiper-slide-image\" src=\"https:\/\/hogakusteninland.com\/wp-content\/uploads\/2022\/04\/vandra-blogg-1-300x300.jpeg\" alt=\"Naturstigen Junsele\" \/><\/figure><\/div><div class=\"swiper-slide\" role=\"group\" aria-roledescription=\"slide\" aria-label=\"3 of 9\"><figure class=\"swiper-slide-inner\"><img decoding=\"async\" class=\"swiper-slide-image\" src=\"https:\/\/hogakusteninland.com\/wp-content\/uploads\/2022\/04\/1734-300x300.jpg\" alt=\"vandring skog h\u00f6ga kusten inland\" \/><\/figure><\/div><div class=\"swiper-slide\" role=\"group\" aria-roledescription=\"slide\" aria-label=\"4 of 9\"><figure class=\"swiper-slide-inner\"><img decoding=\"async\" class=\"swiper-slide-image\" src=\"https:\/\/hogakusteninland.com\/wp-content\/uploads\/2022\/04\/naturstigen-1-300x300.jpg\" alt=\"naturstigen junsele berget\"  \/><\/figure><\/div><div class=\"swiper-slide\" role=\"group\" aria-roledescription=\"slide\" aria-label=\"5 of 9\"><figure class=\"swiper-slide-inner\"><img decoding=\"async\" class=\"swiper-slide-image\" src=\"https:\/\/hogakusteninland.com\/wp-content\/uploads\/2022\/04\/1535-300x300.jpg\" alt=\"vandring fantastisk utsikt h\u00f6ga kusten inland\" \/><\/figure><\/div><div class=\"swiper-slide\" role=\"group\" aria-roledescription=\"slide\" aria-label=\"6 of 9\"><figure class=\"swiper-slide-inner\"><img decoding=\"async\" class=\"swiper-slide-image\" src=\"https:\/\/hogakusteninland.com\/wp-content\/uploads\/2022\/04\/0054-300x300.jpg\" alt=\"\u00e4lv dimma h\u00f6ga kusten inland\" \/><\/figure><\/div><div class=\"swiper-slide\" role=\"group\" aria-roledescription=\"slide\" aria-label=\"7 of 9\"><figure class=\"swiper-slide-inner\"><img decoding=\"async\" class=\"swiper-slide-image\" src=\"https:\/\/hogakusteninland.com\/wp-content\/uploads\/2022\/04\/2107-300x300.jpg\" alt=\"vandring utsikt h\u00f6ga kusten inland\"  \/><\/figure><\/div><div class=\"swiper-slide\" role=\"group\" aria-roledescription=\"slide\" aria-label=\"8 of 9\"><figure class=\"swiper-slide-inner\"><img decoding=\"async\" class=\"swiper-slide-image\" src=\"https:\/\/hogakusteninland.com\/wp-content\/uploads\/2022\/04\/3010-300x300.jpg\" alt=\"3010\" \/><\/figure><\/div><div class=\"swiper-slide\" role=\"group\" aria-roledescription=\"slide\" aria-label=\"9 of 9\"><figure class=\"swiper-slide-inner\"><img decoding=\"async\" class=\"swiper-slide-image\" src=\"https:\/\/hogakusteninland.com\/wp-content\/uploads\/2022\/04\/1482-300x300.jpg\" alt=\"1482\" \/><\/figure><\/div>\t\t\t<\/div>\n\t\t\t\t\t\t\t\t\t\t\t\t<div class=\"elementor-swiper-button elementor-swiper-button-prev\" role=\"button\" tabindex=\"0\">\n\t\t\t\t\t\t<svg aria-hidden=\"true\" class=\"e-font-icon-svg e-eicon-chevron-left\" viewbox=\"0 0 1000 1000\" xmlns=\"http:\/\/www.w3.org\/2000\/svg\"><path d=\"M646 125C629 125 613 133 604 142L308 442C296 454 292 471 292 487 292 504 296 521 308 533L604 854C617 867 629 875 646 875 663 875 679 871 692 858 704 846 713 829 713 812 713 796 708 779 692 767L438 487 692 225C700 217 708 204 708 187 708 171 704 154 692 142 675 129 663 125 646 125Z\"><\/path><\/svg>\t\t\t\t\t<\/div>\n\t\t\t\t\t<div class=\"elementor-swiper-button elementor-swiper-button-next\" role=\"button\" tabindex=\"0\">\n\t\t\t\t\t\t<svg aria-hidden=\"true\" class=\"e-font-icon-svg e-eicon-chevron-right\" viewbox=\"0 0 1000 1000\" xmlns=\"http:\/\/www.w3.org\/2000\/svg\"><path d=\"M696 533C708 521 713 504 713 487 713 471 708 454 696 446L400 146C388 133 375 125 354 125 338 125 325 129 313 142 300 154 292 171 292 187 292 204 296 221 308 233L563 492 304 771C292 783 288 800 288 817 288 833 296 850 308 863 321 871 338 875 354 875 371 875 388 867 400 854L696 533Z\"><\/path><\/svg>\t\t\t\t\t<\/div>\n\t\t\t\t\n\t\t\t\t\t\t\t\t\t<div class=\"swiper-pagination\"><\/div>\n\t\t\t\t\t\t\t\t\t<\/div>\n\t\t\t\t\t\t<\/div>\n\t\t\t\t<\/div>\n\t\t\t\t\t<\/div>\n\t\t\t\t<\/div>\n\t\t<div class=\"elementor-element elementor-element-1e349ff e-flex e-con-boxed wpr-particle-no wpr-jarallax-no wpr-parallax-no wpr-sticky-section-no wpr-equal-height-no e-con e-parent\" data-id=\"1e349ff\" data-element_type=\"container\" data-e-type=\"container\">\n\t\t\t\t\t<div class=\"e-con-inner\">\n\t\t\t\t<div class=\"elementor-element elementor-element-89b1362 elementor-widget elementor-widget-heading\" data-id=\"89b1362\" data-element_type=\"widget\" data-e-type=\"widget\" data-widget_type=\"heading.default\">\n\t\t\t\t<div class=\"elementor-widget-container\">\n\t\t\t\t\t<h2 class=\"elementor-heading-title elementor-size-default\">V\u00e5ra Vandringsleder<\/h2>\t\t\t\t<\/div>\n\t\t\t\t<\/div>\n\t\t\t\t\t<\/div>\n\t\t\t\t<\/div>\n\t\t<div class=\"elementor-element elementor-element-bc3b865 e-flex e-con-boxed wpr-particle-no wpr-jarallax-no wpr-parallax-no wpr-sticky-section-no wpr-equal-height-no e-con e-parent\" data-id=\"bc3b865\" data-element_type=\"container\" data-e-type=\"container\">\n\t\t\t\t\t<div class=\"e-con-inner\">\n\t\t\t\t<div class=\"elementor-element elementor-element-c28d7fa elementor-widget elementor-widget-html\" data-id=\"c28d7fa\" data-element_type=\"widget\" data-e-type=\"widget\" data-widget_type=\"html.default\">\n\t\t\t\t<div class=\"elementor-widget-container\">\n\t\t\t\t\t<div style=\"position: relative; width: 100%; height: 0; padding-bottom: 70%\">\r\n  <div\r\n    style=\"position: absolute; top: 0; left: 0; width: 100%; height: 100%;\"\r\n    data-naturkartan-menu=\"true\"\r\n    data-naturkartan-importance-control=\"false\"\r\n    data-naturkartan-a11y-control=\"false\"\r\n    data-naturkartan-scroll-zoom=\"false\"\r\n    data-naturkartan-quick-categories=\"false\"\r\n    data-naturkartan-query=\"list=5850\"\r\n    data-naturkartan-strict=\"list\"\r\n  ><\/div>\r\n  <script src=\"https:\/\/map-embed.naturkartan.se\/embed.js\" defer><\/script>\r\n<\/div>\r\n\r\n\t\t\t\t<\/div>\n\t\t\t\t<\/div>\n\t\t\t\t\t<\/div>\n\t\t\t\t<\/div>\n\t\t\t\t<\/div>","protected":false},"excerpt":{"rendered":"<p>Hiking In H\u00f6ga Kusten Inland Hiking is probably the best way to discover our fantastic nature. In H\u00f6ga Kusten Inland you will find 18 hiking trails with a total distance of +300km to choose from. Experience deep forests, fragrant wetlands and wild rivers with sharp slopes. F\u00f6reg\u00e5ende N\u00e4sta Our Hiking Trails<\/p>","protected":false},"author":2,"featured_media":19743,"parent":0,"menu_order":0,"comment_status":"closed","ping_status":"closed","template":"template-blank.php","meta":{"footnotes":""},"class_list":["post-20261","page","type-page","status-publish","has-post-thumbnail","hentry"],"yoast_head":"<!-- This site is optimized with the Yoast SEO plugin v27.5 - https:\/\/yoast.com\/product\/yoast-seo-wordpress\/ -->\n<title>Hiking - H\u00f6ga Kusten Inland<\/title>\n<meta name=\"robots\" content=\"index, follow, max-snippet:-1, max-image-preview:large, max-video-preview:-1\" \/>\n<link rel=\"canonical\" href=\"https:\/\/hogakusteninland.com\/sv\/hiking\/\" \/>\n<meta property=\"og:locale\" content=\"sv_SE\" \/>\n<meta property=\"og:type\" content=\"article\" \/>\n<meta property=\"og:title\" content=\"Hiking - H\u00f6ga Kusten Inland\" \/>\n<meta property=\"og:description\" content=\"Hiking In H\u00f6ga Kusten Inland Hiking is probably the best way to discover our fantastic nature. In H\u00f6ga Kusten Inland you will find 18 hiking trails with a total distance of +300km to choose from. Experience deep forests, fragrant wetlands and wild rivers with sharp slopes. F\u00f6reg\u00e5ende N\u00e4sta Our Hiking Trails\" \/>\n<meta property=\"og:url\" content=\"https:\/\/hogakusteninland.com\/sv\/hiking\/\" \/>\n<meta property=\"og:site_name\" content=\"H\u00f6ga Kusten Inland\" \/>\n<meta property=\"article:modified_time\" content=\"2023-04-17T14:25:36+00:00\" \/>\n<meta property=\"og:image\" content=\"https:\/\/hogakusteninland.com\/wp-content\/uploads\/2022\/04\/0073.jpg\" \/>\n\t<meta property=\"og:image:width\" content=\"2048\" \/>\n\t<meta property=\"og:image:height\" content=\"1151\" \/>\n\t<meta property=\"og:image:type\" content=\"image\/jpeg\" \/>\n<meta name=\"twitter:card\" content=\"summary_large_image\" \/>\n<script type=\"application\/ld+json\" class=\"yoast-schema-graph\">{\"@context\":\"https:\\\/\\\/schema.org\",\"@graph\":[{\"@type\":\"WebPage\",\"@id\":\"https:\\\/\\\/hogakusteninland.com\\\/hiking\\\/\",\"url\":\"https:\\\/\\\/hogakusteninland.com\\\/hiking\\\/\",\"name\":\"Hiking - H\u00f6ga Kusten Inland\",\"isPartOf\":{\"@id\":\"https:\\\/\\\/hogakusteninland.com\\\/sv\\\/#website\"},\"primaryImageOfPage\":{\"@id\":\"https:\\\/\\\/hogakusteninland.com\\\/hiking\\\/#primaryimage\"},\"image\":{\"@id\":\"https:\\\/\\\/hogakusteninland.com\\\/hiking\\\/#primaryimage\"},\"thumbnailUrl\":\"https:\\\/\\\/hogakusteninland.com\\\/wp-content\\\/uploads\\\/2022\\\/04\\\/0073.jpg\",\"datePublished\":\"2023-04-05T13:53:39+00:00\",\"dateModified\":\"2023-04-17T14:25:36+00:00\",\"breadcrumb\":{\"@id\":\"https:\\\/\\\/hogakusteninland.com\\\/hiking\\\/#breadcrumb\"},\"inLanguage\":\"sv-SE\",\"potentialAction\":[{\"@type\":\"ReadAction\",\"target\":[\"https:\\\/\\\/hogakusteninland.com\\\/hiking\\\/\"]}]},{\"@type\":\"ImageObject\",\"inLanguage\":\"sv-SE\",\"@id\":\"https:\\\/\\\/hogakusteninland.com\\\/hiking\\\/#primaryimage\",\"url\":\"https:\\\/\\\/hogakusteninland.com\\\/wp-content\\\/uploads\\\/2022\\\/04\\\/0073.jpg\",\"contentUrl\":\"https:\\\/\\\/hogakusteninland.com\\\/wp-content\\\/uploads\\\/2022\\\/04\\\/0073.jpg\",\"width\":2048,\"height\":1151,\"caption\":\"\u00e4lv berg nipor h\u00f6ga kusten inland\"},{\"@type\":\"BreadcrumbList\",\"@id\":\"https:\\\/\\\/hogakusteninland.com\\\/hiking\\\/#breadcrumb\",\"itemListElement\":[{\"@type\":\"ListItem\",\"position\":1,\"name\":\"Home\",\"item\":\"https:\\\/\\\/hogakusteninland.com\\\/sv\\\/\"},{\"@type\":\"ListItem\",\"position\":2,\"name\":\"Hiking\"}]},{\"@type\":\"WebSite\",\"@id\":\"https:\\\/\\\/hogakusteninland.com\\\/sv\\\/#website\",\"url\":\"https:\\\/\\\/hogakusteninland.com\\\/sv\\\/\",\"name\":\"H\u00f6ga Kusten Inland\",\"description\":\"\",\"potentialAction\":[{\"@type\":\"SearchAction\",\"target\":{\"@type\":\"EntryPoint\",\"urlTemplate\":\"https:\\\/\\\/hogakusteninland.com\\\/sv\\\/?s={search_term_string}\"},\"query-input\":{\"@type\":\"PropertyValueSpecification\",\"valueRequired\":true,\"valueName\":\"search_term_string\"}}],\"inLanguage\":\"sv-SE\"}]}<\/script>\n<!-- \/ Yoast SEO plugin. -->","yoast_head_json":{"title":"Hiking - H\u00f6ga Kusten Inland","robots":{"index":"index","follow":"follow","max-snippet":"max-snippet:-1","max-image-preview":"max-image-preview:large","max-video-preview":"max-video-preview:-1"},"canonical":"https:\/\/hogakusteninland.com\/sv\/hiking\/","og_locale":"sv_SE","og_type":"article","og_title":"Hiking - H\u00f6ga Kusten Inland","og_description":"Hiking In H\u00f6ga Kusten Inland Hiking is probably the best way to discover our fantastic nature. In H\u00f6ga Kusten Inland you will find 18 hiking trails with a total distance of +300km to choose from. Experience deep forests, fragrant wetlands and wild rivers with sharp slopes. F\u00f6reg\u00e5ende N\u00e4sta Our Hiking Trails","og_url":"https:\/\/hogakusteninland.com\/sv\/hiking\/","og_site_name":"H\u00f6ga Kusten Inland","article_modified_time":"2023-04-17T14:25:36+00:00","og_image":[{"width":2048,"height":1151,"url":"https:\/\/hogakusteninland.com\/wp-content\/uploads\/2022\/04\/0073.jpg","type":"image\/jpeg"}],"twitter_card":"summary_large_image","schema":{"@context":"https:\/\/schema.org","@graph":[{"@type":"WebPage","@id":"https:\/\/hogakusteninland.com\/hiking\/","url":"https:\/\/hogakusteninland.com\/hiking\/","name":"Hiking - H\u00f6ga Kusten Inland","isPartOf":{"@id":"https:\/\/hogakusteninland.com\/sv\/#website"},"primaryImageOfPage":{"@id":"https:\/\/hogakusteninland.com\/hiking\/#primaryimage"},"image":{"@id":"https:\/\/hogakusteninland.com\/hiking\/#primaryimage"},"thumbnailUrl":"https:\/\/hogakusteninland.com\/wp-content\/uploads\/2022\/04\/0073.jpg","datePublished":"2023-04-05T13:53:39+00:00","dateModified":"2023-04-17T14:25:36+00:00","breadcrumb":{"@id":"https:\/\/hogakusteninland.com\/hiking\/#breadcrumb"},"inLanguage":"sv-SE","potentialAction":[{"@type":"ReadAction","target":["https:\/\/hogakusteninland.com\/hiking\/"]}]},{"@type":"ImageObject","inLanguage":"sv-SE","@id":"https:\/\/hogakusteninland.com\/hiking\/#primaryimage","url":"https:\/\/hogakusteninland.com\/wp-content\/uploads\/2022\/04\/0073.jpg","contentUrl":"https:\/\/hogakusteninland.com\/wp-content\/uploads\/2022\/04\/0073.jpg","width":2048,"height":1151,"caption":"\u00e4lv berg nipor h\u00f6ga kusten inland"},{"@type":"BreadcrumbList","@id":"https:\/\/hogakusteninland.com\/hiking\/#breadcrumb","itemListElement":[{"@type":"ListItem","position":1,"name":"Home","item":"https:\/\/hogakusteninland.com\/sv\/"},{"@type":"ListItem","position":2,"name":"Hiking"}]},{"@type":"WebSite","@id":"https:\/\/hogakusteninland.com\/sv\/#website","url":"https:\/\/hogakusteninland.com\/sv\/","name":"H\u00f6ga Kusten Inland","description":"","potentialAction":[{"@type":"SearchAction","target":{"@type":"EntryPoint","urlTemplate":"https:\/\/hogakusteninland.com\/sv\/?s={search_term_string}"},"query-input":{"@type":"PropertyValueSpecification","valueRequired":true,"valueName":"search_term_string"}}],"inLanguage":"sv-SE"}]}},"_links":{"self":[{"href":"https:\/\/hogakusteninland.com\/sv\/wp-json\/wp\/v2\/pages\/20261","targetHints":{"allow":["GET"]}}],"collection":[{"href":"https:\/\/hogakusteninland.com\/sv\/wp-json\/wp\/v2\/pages"}],"about":[{"href":"https:\/\/hogakusteninland.com\/sv\/wp-json\/wp\/v2\/types\/page"}],"author":[{"embeddable":true,"href":"https:\/\/hogakusteninland.com\/sv\/wp-json\/wp\/v2\/users\/2"}],"replies":[{"embeddable":true,"href":"https:\/\/hogakusteninland.com\/sv\/wp-json\/wp\/v2\/comments?post=20261"}],"version-history":[{"count":78,"href":"https:\/\/hogakusteninland.com\/sv\/wp-json\/wp\/v2\/pages\/20261\/revisions"}],"predecessor-version":[{"id":21039,"href":"https:\/\/hogakusteninland.com\/sv\/wp-json\/wp\/v2\/pages\/20261\/revisions\/21039"}],"wp:featuredmedia":[{"embeddable":true,"href":"https:\/\/hogakusteninland.com\/sv\/wp-json\/wp\/v2\/media\/19743"}],"wp:attachment":[{"href":"https:\/\/hogakusteninland.com\/sv\/wp-json\/wp\/v2\/media?parent=20261"}],"curies":[{"name":"wp","href":"https:\/\/api.w.org\/{rel}","templated":true}]}}